{"id":2,"date":"2020-02-16T20:36:23","date_gmt":"2020-02-16T20:36:23","guid":{"rendered":"http:\/\/martinsstickvorlagen.mpsns.de\/?page_id=2"},"modified":"2020-02-16T22:37:45","modified_gmt":"2020-02-16T22:37:45","slug":"sample-page","status":"publish","type":"page","link":"https:\/\/stickvorlagen.mpsns.de\/?page_id=2","title":{"rendered":"Bestellung"},"content":{"rendered":"\n<p>Mussten fr\u00fcher meine Kunden etwas umst\u00e4ndlich via Kontaktformular bestellen, geht das heute dank verkn\u00fcpfter Technologien ganz einfach \u00fcber meinen neuen Shop bei <strong><a href=\"http:\/\/www.etsy.com\/de\/shop\/martinsstickvorlagen\">ETSY<\/a><\/strong>. <\/p>\n\n\n\n<p>Nat\u00fcrlich kann sowohl hier auf der Homepage als auch im Shop ausgiebig gest\u00f6bert werden.<\/p>\n\n\n\n<p>Hey &#8211;  Du wei\u00dft was Du willst? Dann bestelle Deine neuen Stickvorlagen gleich hier bei <strong><a href=\"http:\/\/www.etsy.com\/de\/shop\/martinsstickvorlagen\">ETSY<\/a><\/strong>.  <\/p>\n\n\n\n<p>Gibt es Fragen zum Bestellprozess, zur Bezahlung oder zum Produkt selbst &#8211; dann nutzt einfach das Kontaktformular. ich freue mich so oder so von Dir zu h\u00f6ren.<\/p>\n","protected":false},"excerpt":{"rendered":"<p>Mussten fr\u00fcher meine Kunden etwas umst\u00e4ndlich via Kontaktformular bestellen, geht das heute dank verkn\u00fcpfter Technologien ganz einfach \u00fcber meinen neuen&hellip; <a class=\"read-more\" href=\"https:\/\/stickvorlagen.mpsns.de\/?page_id=2\">Weiterlesen <span class=\"screen-reader-text\">Bestellung<\/span><\/a><\/p>\n","protected":false},"author":1,"featured_media":0,"parent":0,"menu_order":0,"comment_status":"closed","ping_status":"open","template":"","meta":{"footnotes":""},"class_list":["post-2","page","type-page","status-publish","hentry"],"_links":{"self":[{"href":"https:\/\/stickvorlagen.mpsns.de\/index.php?rest_route=\/wp\/v2\/pages\/2","targetHints":{"allow":["GET"]}}],"collection":[{"href":"https:\/\/stickvorlagen.mpsns.de\/index.php?rest_route=\/wp\/v2\/pages"}],"about":[{"href":"https:\/\/stickvorlagen.mpsns.de\/index.php?rest_route=\/wp\/v2\/types\/page"}],"author":[{"embeddable":true,"href":"https:\/\/stickvorlagen.mpsns.de\/index.php?rest_route=\/wp\/v2\/users\/1"}],"replies":[{"embeddable":true,"href":"https:\/\/stickvorlagen.mpsns.de\/index.php?rest_route=%2Fwp%2Fv2%2Fcomments&post=2"}],"version-history":[{"count":2,"href":"https:\/\/stickvorlagen.mpsns.de\/index.php?rest_route=\/wp\/v2\/pages\/2\/revisions"}],"predecessor-version":[{"id":34,"href":"https:\/\/stickvorlagen.mpsns.de\/index.php?rest_route=\/wp\/v2\/pages\/2\/revisions\/34"}],"wp:attachment":[{"href":"https:\/\/stickvorlagen.mpsns.de\/index.php?rest_route=%2Fwp%2Fv2%2Fmedia&parent=2"}],"curies":[{"name":"wp","href":"https:\/\/api.w.org\/{rel}","templated":true}]}}