{"id":52,"date":"2020-02-17T21:31:02","date_gmt":"2020-02-17T21:31:02","guid":{"rendered":"http:\/\/martinsstickvorlagen.mpsns.de\/?page_id=52"},"modified":"2024-11-29T10:51:03","modified_gmt":"2024-11-29T10:51:03","slug":"galerie-lokomotiven","status":"publish","type":"page","link":"https:\/\/stickvorlagen.mpsns.de\/?page_id=52","title":{"rendered":"Lokomotiven"},"content":{"rendered":"\n<p class=\"has-text-align-center\"><strong>Alle in Gr\u00f6\u00dfe &#8222;L&#8220;<\/strong><br>Dampflokomotiven | Elektrolokomotiven | Diesellokomotiven | Triebwagen | Komplette Z\u00fcge<\/p>\n\n\n\n<hr>\n<p style=\"text-align: center;\"><strong><a id=\"Dampf\"><\/a>DAMPFLOKOMOTIVEN<\/strong><\/p>\n\n\n<div class=\"wp-block-image\">\n<figure class=\"aligncenter size-large\"><img loading=\"lazy\" decoding=\"async\" width=\"704\" height=\"100\" src=\"http:\/\/martinsstickvorlagen.mpsns.de\/wp-content\/uploads\/2020\/02\/bigboy-1.jpg\" alt=\"BigBoy UP4014\" class=\"wp-image-67\" srcset=\"https:\/\/stickvorlagen.mpsns.de\/wp-content\/uploads\/2020\/02\/bigboy-1.jpg 704w, https:\/\/stickvorlagen.mpsns.de\/wp-content\/uploads\/2020\/02\/bigboy-1-300x43.jpg 300w, https:\/\/stickvorlagen.mpsns.de\/wp-content\/uploads\/2020\/02\/bigboy-1-660x94.jpg 660w\" sizes=\"auto, (max-width: 704px) 100vw, 704px\" \/><\/figure>\n<\/div>\n\n\n<p class=\"has-text-align-center has-small-font-size\"> <strong><span style=\"color:#cf2e2e\" class=\"tadv-color\">NEU 2020 <\/span><\/strong> MPSNS041 | Dampflokomotive <strong>UP4014 BIGBOY<\/strong> 4-8-8-4<br>420&#215;52 Stiche | 16,90EUR <\/p>\n\n\n<div class=\"wp-block-image\">\n<figure class=\"aligncenter size-large\"><img loading=\"lazy\" decoding=\"async\" width=\"386\" height=\"100\" src=\"http:\/\/martinsstickvorlagen.mpsns.de\/wp-content\/uploads\/2020\/02\/52-892db.jpg\" alt=\"Dampflok DB BR52\" class=\"wp-image-55\" srcset=\"https:\/\/stickvorlagen.mpsns.de\/wp-content\/uploads\/2020\/02\/52-892db.jpg 386w, https:\/\/stickvorlagen.mpsns.de\/wp-content\/uploads\/2020\/02\/52-892db-300x78.jpg 300w\" sizes=\"auto, (max-width: 386px) 100vw, 386px\" \/><\/figure>\n<\/div>\n\n\n<p class=\"has-text-align-center has-small-font-size\">MPSNS026 | Dampflokomotive <strong>BR52 DB<\/strong> | 230&#215;51 Stiche | 13,90EUR  <\/p>\n\n\n<div class=\"wp-block-image\">\n<figure class=\"aligncenter size-large\"><img loading=\"lazy\" decoding=\"async\" width=\"293\" height=\"100\" src=\"http:\/\/martinsstickvorlagen.mpsns.de\/wp-content\/uploads\/2020\/02\/BR78031DR.jpg\" alt=\"Dampflokomotive BR78\" class=\"wp-image-70\"\/><\/figure>\n<\/div>\n\n\n<p class=\"has-text-align-center has-small-font-size\">MPSNS036 | Dampflokomotive <strong>BR78 DB<\/strong> | <br>148&#215;51 Stiche | 12,90EUR  <\/p>\n\n\n<div class=\"wp-block-image\">\n<figure class=\"aligncenter size-large\"><img loading=\"lazy\" decoding=\"async\" width=\"279\" height=\"100\" src=\"http:\/\/martinsstickvorlagen.mpsns.de\/wp-content\/uploads\/2020\/02\/T18.jpg\" alt=\"T18 K.Bay.St.B.\" class=\"wp-image-93\"\/><\/figure>\n<\/div>\n\n\n<p class=\"has-text-align-center has-small-font-size\"> MPSNS037 | Dampflokomotive <strong>T18 KWSTB<\/strong> <br>| 148&#215;51 Stiche | <span style=\"color:#313131\" class=\"tadv-color\">12,90EUR <\/span><\/p>\n\n\n\n<hr>\n<p style=\"text-align: center;\"><strong>Alle Lokomotiven auf dieser Seite passen in der Gr\u00f6\u00dfe zusammen und k\u00f6nnen damit kombiniert werden &#8211; weitere Vorlagen in anderer Gr\u00f6\u00dfe gibt es bei &#8222;Dies &amp; Das&#8220;<\/strong><\/p>\n<hr>\n<p style=\"text-align: center;\"><strong>ELEKTROLOKOMOTIVEN<\/strong><\/p>\n\n\n<div class=\"wp-block-image\">\n<figure class=\"aligncenter size-large\"><img loading=\"lazy\" decoding=\"async\" width=\"330\" height=\"100\" src=\"https:\/\/stickvorlagen.mpsns.de\/wp-content\/uploads\/2020\/03\/railjet.jpg\" alt=\"\" class=\"wp-image-173\" srcset=\"https:\/\/stickvorlagen.mpsns.de\/wp-content\/uploads\/2020\/03\/railjet.jpg 330w, https:\/\/stickvorlagen.mpsns.de\/wp-content\/uploads\/2020\/03\/railjet-300x91.jpg 300w\" sizes=\"auto, (max-width: 330px) 100vw, 330px\" \/><\/figure>\n<\/div>\n\n\n<p class=\"has-text-align-center has-small-font-size\">MPSNS110 | Elektrolokomotive <strong>BR 1116 RailJet<\/strong> \u00d6BB | <br>193&#215;64 Stiche | <span style=\"color:#313131\" class=\"tadv-color\">12,90EUR <\/span><\/p>\n\n\n<div class=\"wp-block-image\">\n<figure class=\"aligncenter size-full\"><img loading=\"lazy\" decoding=\"async\" width=\"240\" height=\"100\" src=\"https:\/\/stickvorlagen.mpsns.de\/wp-content\/uploads\/2020\/02\/1044.jpg\" alt=\"\u00d6BB 1044\" class=\"wp-image-65\"\/><\/figure>\n<\/div>\n\n\n<p class=\"has-text-align-center has-small-font-size\">MPSNS038 | Elektrolokomotive <strong>BR 1044<\/strong> Blutorange \u00d6BB | <br>160&#215;64 Stiche | <span style=\"color:#313131\" class=\"tadv-color\">10,90EUR <\/span><\/p>\n\n\n<div class=\"wp-block-image\">\n<figure class=\"aligncenter size-large\"><img loading=\"lazy\" decoding=\"async\" width=\"243\" height=\"100\" src=\"http:\/\/martinsstickvorlagen.mpsns.de\/wp-content\/uploads\/2020\/02\/212001.jpg\" alt=\"BR 212 White\" class=\"wp-image-66\"\/><\/figure>\n<\/div>\n\n\n<p class=\"has-text-align-center has-small-font-size\">MPSNS029 | Elektrolokomotive <strong>BR 212<\/strong> White Lady DR | <br>166&#215;64 Stiche | 10,90EUR  <\/p>\n\n\n<div class=\"wp-block-image\">\n<figure class=\"aligncenter size-large\"><img loading=\"lazy\" decoding=\"async\" width=\"238\" height=\"100\" src=\"http:\/\/martinsstickvorlagen.mpsns.de\/wp-content\/uploads\/2020\/02\/243dr.jpg\" alt=\"BR 243 DR\" class=\"wp-image-58\"\/><\/figure>\n<\/div>\n\n\n<p class=\"has-text-align-center has-small-font-size\">MPSNS028 | Elektrolokomotive <strong>BR 243 <\/strong>DR | <br>166&#215;64 Stiche | 10,90EUR  <\/p>\n\n\n<div class=\"wp-block-image\">\n<figure class=\"aligncenter size-large\"><img loading=\"lazy\" decoding=\"async\" width=\"320\" height=\"100\" src=\"http:\/\/martinsstickvorlagen.mpsns.de\/wp-content\/uploads\/2020\/02\/E03db.jpg\" alt=\"BR E03 DB Vorserie\" class=\"wp-image-72\" srcset=\"https:\/\/stickvorlagen.mpsns.de\/wp-content\/uploads\/2020\/02\/E03db.jpg 320w, https:\/\/stickvorlagen.mpsns.de\/wp-content\/uploads\/2020\/02\/E03db-300x94.jpg 300w\" sizes=\"auto, (max-width: 320px) 100vw, 320px\" \/><\/figure>\n<\/div>\n\n\n<p class=\"has-text-align-center has-small-font-size\">MPSNS011 | Elektrolokomotive <strong>BR E03 001 Vorserie<\/strong> | <br>200&#215;63 Stiche | 10,90EUR  <\/p>\n\n\n<div class=\"wp-block-image\">\n<figure class=\"aligncenter size-large\"><img loading=\"lazy\" decoding=\"async\" width=\"318\" height=\"100\" src=\"http:\/\/martinsstickvorlagen.mpsns.de\/wp-content\/uploads\/2020\/02\/103db.jpg\" alt=\"BR 103 DB\" class=\"wp-image-56\" srcset=\"https:\/\/stickvorlagen.mpsns.de\/wp-content\/uploads\/2020\/02\/103db.jpg 318w, https:\/\/stickvorlagen.mpsns.de\/wp-content\/uploads\/2020\/02\/103db-300x94.jpg 300w\" sizes=\"auto, (max-width: 318px) 100vw, 318px\" \/><\/figure>\n<\/div>\n\n\n<p class=\"has-text-align-center has-small-font-size\">MPSNS012 | Elektrolokomotive <strong>BR 103 DB<\/strong> | <br>200&#215;63 Stiche | 10,90EUR  <\/p>\n\n\n<div class=\"wp-block-image is-resized\">\n<figure class=\"aligncenter size-large\"><img loading=\"lazy\" decoding=\"async\" width=\"800\" height=\"234\" src=\"https:\/\/stickvorlagen.mpsns.de\/wp-content\/uploads\/2022\/10\/Bild-103220Touri_1.jpg\" alt=\"\" class=\"wp-image-216\" style=\"width:320px;height:auto\" srcset=\"https:\/\/stickvorlagen.mpsns.de\/wp-content\/uploads\/2022\/10\/Bild-103220Touri_1.jpg 800w, https:\/\/stickvorlagen.mpsns.de\/wp-content\/uploads\/2022\/10\/Bild-103220Touri_1-300x88.jpg 300w, https:\/\/stickvorlagen.mpsns.de\/wp-content\/uploads\/2022\/10\/Bild-103220Touri_1-768x225.jpg 768w, https:\/\/stickvorlagen.mpsns.de\/wp-content\/uploads\/2022\/10\/Bild-103220Touri_1-660x193.jpg 660w\" sizes=\"auto, (max-width: 800px) 100vw, 800px\" \/><\/figure>\n<\/div>\n\n\n<p class=\"has-text-align-center has-small-font-size\">MPSNS013 | Elektrolokomotive <strong>BR 103 220 DB Touristik<\/strong> | <br>200&#215;63 Stiche | 12,90EUR  <\/p>\n\n\n<div class=\"wp-block-image\">\n<figure class=\"aligncenter size-large is-resized\"><img loading=\"lazy\" decoding=\"async\" width=\"1024\" height=\"292\" src=\"https:\/\/stickvorlagen.mpsns.de\/wp-content\/uploads\/2024\/11\/ME146_Bild2-1024x292.jpg\" alt=\"\" class=\"wp-image-246\" style=\"width:365px;height:auto\" srcset=\"https:\/\/stickvorlagen.mpsns.de\/wp-content\/uploads\/2024\/11\/ME146_Bild2-1024x292.jpg 1024w, https:\/\/stickvorlagen.mpsns.de\/wp-content\/uploads\/2024\/11\/ME146_Bild2-300x86.jpg 300w, https:\/\/stickvorlagen.mpsns.de\/wp-content\/uploads\/2024\/11\/ME146_Bild2-768x219.jpg 768w, https:\/\/stickvorlagen.mpsns.de\/wp-content\/uploads\/2024\/11\/ME146_Bild2-1536x439.jpg 1536w, https:\/\/stickvorlagen.mpsns.de\/wp-content\/uploads\/2024\/11\/ME146_Bild2-2048x585.jpg 2048w, https:\/\/stickvorlagen.mpsns.de\/wp-content\/uploads\/2024\/11\/ME146_Bild2-660x188.jpg 660w\" sizes=\"auto, (max-width: 1024px) 100vw, 1024px\" \/><\/figure>\n<\/div>\n\n\n<p class=\"has-text-align-center has-small-font-size\">MPSNS104 | E-Lok <strong>BR 146 Metronom <\/strong>| <br>189&#215;57 Stiche | 10,90EUR<\/p>\n\n\n<div class=\"wp-block-image\">\n<figure class=\"aligncenter size-large\"><img loading=\"lazy\" decoding=\"async\" width=\"132\" height=\"100\" src=\"http:\/\/martinsstickvorlagen.mpsns.de\/wp-content\/uploads\/2020\/02\/E6901.jpg\" alt=\"BR E6901 LAG\" class=\"wp-image-78\"\/><\/figure>\n<\/div>\n\n\n<p class=\"has-text-align-center has-small-font-size\">MPSNS018 | Elektrolokomotive <strong>BR E69 01 LAG<\/strong> <strong>1 <\/strong>| <br>76&#215;64 Stiche | 8,90EUR  <\/p>\n\n\n<div class=\"wp-block-image\">\n<figure class=\"aligncenter size-large\"><img loading=\"lazy\" decoding=\"async\" width=\"129\" height=\"100\" src=\"http:\/\/martinsstickvorlagen.mpsns.de\/wp-content\/uploads\/2020\/02\/E69-02.jpg\" alt=\"BR E6902\" class=\"wp-image-75\"\/><\/figure>\n<\/div>\n\n\n<p class=\"has-text-align-center has-small-font-size\">MPSNS016 | Elektrolokomotive <strong>BR E69 02<\/strong> <strong>LAG 2<\/strong>| <br>75&#215;64 Stiche | 8,90EUR  <\/p>\n\n\n<div class=\"wp-block-image\">\n<figure class=\"aligncenter size-large\"><img loading=\"lazy\" decoding=\"async\" width=\"126\" height=\"100\" src=\"http:\/\/martinsstickvorlagen.mpsns.de\/wp-content\/uploads\/2020\/02\/E06-03.jpg\" alt=\"BR E6903\" class=\"wp-image-73\"\/><\/figure>\n<\/div>\n\n\n<p class=\"has-text-align-center has-small-font-size\">MPSNS017 | Elektrolokomotive <strong>BR E69 03 LAG 3 <\/strong>| <br>75&#215;64 Stiche | 8,90EUR  <\/p>\n\n\n<div class=\"wp-block-image\">\n<figure class=\"aligncenter size-large\"><img loading=\"lazy\" decoding=\"async\" width=\"129\" height=\"100\" src=\"http:\/\/martinsstickvorlagen.mpsns.de\/wp-content\/uploads\/2020\/02\/E6904gn.jpg\" alt=\"BR E6904\" class=\"wp-image-79\"\/><\/figure>\n<\/div>\n\n\n<p class=\"has-text-align-center has-small-font-size\">MPSNS034 | Elektrolokomotive <strong>BR E69 04 LAG 4 <\/strong> | <br>76&#215;64 Stiche | 8,90EUR  <\/p>\n\n\n<div class=\"wp-block-image\">\n<figure class=\"aligncenter size-large\"><img loading=\"lazy\" decoding=\"async\" width=\"134\" height=\"100\" src=\"http:\/\/martinsstickvorlagen.mpsns.de\/wp-content\/uploads\/2020\/02\/E69-05-rt.jpg\" alt=\"BR E6905\" class=\"wp-image-76\"\/><\/figure>\n<\/div>\n\n\n<p class=\"has-text-align-center has-small-font-size\">MPSNS035 | Elektrolokomotive <strong>BR E69 05 LAG 5 <\/strong>| <br>85&#215;64 Stiche | 8,90EUR  <\/p>\n\n\n\n<hr>\n<p style=\"text-align: center;\"><strong>Vermisst Du etwas? Sag einfach Bescheid &#8230; <\/strong><\/p>\n<hr>\n<p style=\"text-align: center;\"><strong>DIESELLOKOMOTIVEN<\/strong><\/p>\n\n\n<div class=\"wp-block-image\">\n<figure class=\"aligncenter size-large\"><img loading=\"lazy\" decoding=\"async\" width=\"318\" height=\"100\" src=\"http:\/\/martinsstickvorlagen.mpsns.de\/wp-content\/uploads\/2020\/02\/218bg.jpg\" alt=\"BR218ozbg\" class=\"wp-image-57\" srcset=\"https:\/\/stickvorlagen.mpsns.de\/wp-content\/uploads\/2020\/02\/218bg.jpg 318w, https:\/\/stickvorlagen.mpsns.de\/wp-content\/uploads\/2020\/02\/218bg-300x94.jpg 300w\" sizes=\"auto, (max-width: 318px) 100vw, 318px\" \/><\/figure>\n<\/div>\n\n\n<p class=\"has-text-align-center has-small-font-size\">MPSNS039 | Diesellokomotive <strong>BR 218 Ozeanblau\/beige <\/strong>| <br>164&#215;53 Stiche | 10,90EUR  <\/p>\n\n\n<div class=\"wp-block-image\">\n<figure class=\"aligncenter size-large\"><img loading=\"lazy\" decoding=\"async\" width=\"308\" height=\"100\" src=\"http:\/\/martinsstickvorlagen.mpsns.de\/wp-content\/uploads\/2020\/02\/BR218altrot.jpg\" alt=\"BR218\" class=\"wp-image-69\" srcset=\"https:\/\/stickvorlagen.mpsns.de\/wp-content\/uploads\/2020\/02\/BR218altrot.jpg 308w, https:\/\/stickvorlagen.mpsns.de\/wp-content\/uploads\/2020\/02\/BR218altrot-300x97.jpg 300w\" sizes=\"auto, (max-width: 308px) 100vw, 308px\" \/><\/figure>\n<\/div>\n\n\n<p class=\"has-text-align-center has-small-font-size\">MPSNS030 | Diesellokomotive <strong>BR 218 Altrot <\/strong>| <br>164&#215;53 Stiche | 10,90EUR  <\/p>\n\n\n<div class=\"wp-block-image\">\n<figure class=\"aligncenter size-large is-resized\"><img loading=\"lazy\" decoding=\"async\" width=\"443\" height=\"100\" src=\"http:\/\/martinsstickvorlagen.mpsns.de\/wp-content\/uploads\/2020\/02\/ME246.jpg\" alt=\"ME246 Metronom\" class=\"wp-image-89\" style=\"width:405px;height:auto\" srcset=\"https:\/\/stickvorlagen.mpsns.de\/wp-content\/uploads\/2020\/02\/ME246.jpg 443w, https:\/\/stickvorlagen.mpsns.de\/wp-content\/uploads\/2020\/02\/ME246-300x68.jpg 300w\" sizes=\"auto, (max-width: 443px) 100vw, 443px\" \/><\/figure>\n<\/div>\n\n\n<p class=\"has-text-align-center has-small-font-size\">MPSNS100 | Diesellokomotive <strong>BR 246 Metronom <\/strong>| <br>189&#215;49 Stiche | 10,90EUR  <\/p>\n\n\n<div class=\"wp-block-image\">\n<figure class=\"aligncenter size-large is-resized\"><img loading=\"lazy\" decoding=\"async\" width=\"378\" height=\"100\" src=\"http:\/\/martinsstickvorlagen.mpsns.de\/wp-content\/uploads\/2020\/02\/bluetiger.jpg\" alt=\"BR250 Bluetiger\" class=\"wp-image-68\" style=\"width:408px;height:auto\" srcset=\"https:\/\/stickvorlagen.mpsns.de\/wp-content\/uploads\/2020\/02\/bluetiger.jpg 378w, https:\/\/stickvorlagen.mpsns.de\/wp-content\/uploads\/2020\/02\/bluetiger-300x79.jpg 300w\" sizes=\"auto, (max-width: 378px) 100vw, 378px\" \/><\/figure>\n<\/div>\n\n\n<p class=\"has-text-align-center has-small-font-size\">MPSNS010 | Diesellokomotive <strong>BR 250 001 BlueTiger DE-AC33 <\/strong>| <br>242&#215;62 Stiche | 12,90EUR  <\/p>\n\n\n<div class=\"wp-block-image\">\n<figure class=\"aligncenter size-large\"><img loading=\"lazy\" decoding=\"async\" width=\"181\" height=\"100\" src=\"http:\/\/martinsstickvorlagen.mpsns.de\/wp-content\/uploads\/2020\/02\/360db.jpg\" alt=\"BR360DB\" class=\"wp-image-62\"\/><\/figure>\n<\/div>\n\n\n<p class=\"has-text-align-center has-small-font-size\">MPSNS014 | Diesellokomotive Rangierlok <strong>BR 360 DB <\/strong>| <br>106&#215;63 Stiche | 8,90EUR  <\/p>\n\n\n<div class=\"wp-block-image\">\n<figure class=\"aligncenter size-large\"><img loading=\"lazy\" decoding=\"async\" width=\"185\" height=\"100\" src=\"http:\/\/martinsstickvorlagen.mpsns.de\/wp-content\/uploads\/2020\/02\/365db.jpg\" alt=\"BR365DB\" class=\"wp-image-63\"\/><\/figure>\n<\/div>\n\n\n<p class=\"has-text-align-center has-small-font-size\">MPSNS015 | Diesellokomotive Rangierlok <strong>BR 365 DB <\/strong>| <br>106&#215;63 Stiche | 8,90EUR  <\/p>\n\n\n<div class=\"wp-block-image\">\n<figure class=\"aligncenter size-large\"><img loading=\"lazy\" decoding=\"async\" width=\"146\" height=\"100\" src=\"http:\/\/martinsstickvorlagen.mpsns.de\/wp-content\/uploads\/2020\/02\/333db.jpg\" alt=\"BR333DB\" class=\"wp-image-60\"\/><\/figure>\n<\/div>\n\n\n<p class=\"has-text-align-center has-small-font-size\">MPSNS021 | Diesellokomotive Rangierlok <strong>BR 333 K\u00d6F III DB <\/strong>| <br>78&#215;63 Stiche | 8,90EUR  <\/p>\n\n\n<div class=\"wp-block-image\">\n<figure class=\"aligncenter size-large\"><img loading=\"lazy\" decoding=\"async\" width=\"148\" height=\"100\" src=\"http:\/\/martinsstickvorlagen.mpsns.de\/wp-content\/uploads\/2020\/02\/335db.jpg\" alt=\"BR335DB\" class=\"wp-image-61\"\/><\/figure>\n<\/div>\n\n\n<p class=\"has-text-align-center has-small-font-size\">MPSNS022 | Diesellokomotive Rangierlok <strong>BR 335 K\u00d6F III DB <\/strong>| <br>78&#215;63 Stiche | 8,90EUR  <\/p>\n\n\n<div class=\"wp-block-image\">\n<figure class=\"aligncenter size-large\"><img loading=\"lazy\" decoding=\"async\" width=\"112\" height=\"100\" src=\"http:\/\/martinsstickvorlagen.mpsns.de\/wp-content\/uploads\/2020\/02\/381db.jpg\" alt=\"\" class=\"wp-image-64\"\/><\/figure>\n<\/div>\n\n\n<p class=\"has-text-align-center has-small-font-size\">MPSNS024 | Diesellokomotive Rangierlok <strong>BR 381 DB K\u00d6F II<\/strong>| <br>62&#215;63 Stiche | 8,90EUR  <\/p>\n\n\n<div class=\"wp-block-image\">\n<figure class=\"aligncenter size-large\"><img loading=\"lazy\" decoding=\"async\" width=\"116\" height=\"100\" src=\"http:\/\/martinsstickvorlagen.mpsns.de\/wp-content\/uploads\/2020\/02\/322db.jpg\" alt=\"BR322DB\" class=\"wp-image-59\"\/><\/figure>\n<\/div>\n\n\n<p class=\"has-text-align-center has-small-font-size\">MPSNS023 | Diesellokomotive Rangierlok <strong>BR 322 DB K\u00d6F II<\/strong>| <br>62&#215;63 Stiche | 8,90EUR  <\/p>\n\n\n<div class=\"wp-block-image\">\n<figure class=\"aligncenter size-large\"><img loading=\"lazy\" decoding=\"async\" width=\"136\" height=\"100\" src=\"http:\/\/martinsstickvorlagen.mpsns.de\/wp-content\/uploads\/2020\/02\/Koe0131.jpg\" alt=\"K\u00f60131\" class=\"wp-image-85\"\/><\/figure>\n<\/div>\n\n\n<p class=\"has-text-align-center has-small-font-size\">MPSNS025 | Diesellokomotive Rangierlok <strong>BR K\u00f60131 DB <\/strong>| <br>52&#215;63 Stiche | 7,90EUR  <\/p>\n\n\n\n<hr>\n<p style=\"text-align: center;\"><strong>Alle Lokomotiven auf dieser Seite passen in der Gr\u00f6\u00dfe zusammen und k\u00f6nnen damit kombiniert werden &#8211; weitere Vorlagen in anderer Gr\u00f6\u00dfe gibt es bei &#8222;Dies &amp; Das&#8220;<\/strong><\/p>\n<hr>\n<p style=\"text-align: center;\"><strong>Triebwagen<\/strong><\/p>\n\n\n<div class=\"wp-block-image\">\n<figure class=\"aligncenter size-large\"><img loading=\"lazy\" decoding=\"async\" width=\"331\" height=\"100\" src=\"http:\/\/martinsstickvorlagen.mpsns.de\/wp-content\/uploads\/2020\/02\/ICE1.jpg\" alt=\"BR401 ICE1\" class=\"wp-image-83\" srcset=\"https:\/\/stickvorlagen.mpsns.de\/wp-content\/uploads\/2020\/02\/ICE1.jpg 331w, https:\/\/stickvorlagen.mpsns.de\/wp-content\/uploads\/2020\/02\/ICE1-300x91.jpg 300w\" sizes=\"auto, (max-width: 331px) 100vw, 331px\" \/><\/figure>\n<\/div>\n\n\n<p class=\"has-text-align-center has-small-font-size\">MPSNS103 | Elektrischer Triebzug <strong>BR 401 ICE 1 DB <\/strong>| <br>204&#215;63 Stiche | 10,90EUR  <\/p>\n\n\n<div class=\"wp-block-image\">\n<figure class=\"aligncenter size-large\"><img loading=\"lazy\" decoding=\"async\" width=\"408\" height=\"100\" src=\"http:\/\/martinsstickvorlagen.mpsns.de\/wp-content\/uploads\/2020\/02\/sbahnhh.jpg\" alt=\"BR474SBahnHH\" class=\"wp-image-92\" srcset=\"https:\/\/stickvorlagen.mpsns.de\/wp-content\/uploads\/2020\/02\/sbahnhh.jpg 408w, https:\/\/stickvorlagen.mpsns.de\/wp-content\/uploads\/2020\/02\/sbahnhh-300x74.jpg 300w\" sizes=\"auto, (max-width: 408px) 100vw, 408px\" \/><\/figure>\n<\/div>\n\n\n<p class=\"has-text-align-center has-small-font-size\">MPSNS019 | Elektrischer Triebzug <strong>BR 474 S-Bahn Hamburg DB <\/strong>| <br>228&#215;46 Stiche | 10,90EUR  <\/p>\n\n\n\n\n\n<hr \/>\n<p style=\"text-align: center;\"><strong>Lokomotive und passende Wagen zur Darstellung eines kompletten Zuges im Set g\u00fcnstiger &#8211; beliebig kombinierbar &#8211; die Wagen sind im Shop auch einzeln erh\u00e4ltlich<\/strong><\/p>\n<hr \/>\n<p style=\"text-align: center;\"><strong>Komplette Z\u00fcge<\/strong><\/p>\n\n\n<div class=\"wp-block-image\">\n<figure class=\"aligncenter size-large is-resized\"><img loading=\"lazy\" decoding=\"async\" width=\"443\" height=\"100\" src=\"http:\/\/martinsstickvorlagen.mpsns.de\/wp-content\/uploads\/2020\/02\/ME246.jpg\" alt=\"ME246 Metronom\" class=\"wp-image-89\" style=\"width:443px;height:100px\" srcset=\"https:\/\/stickvorlagen.mpsns.de\/wp-content\/uploads\/2020\/02\/ME246.jpg 443w, https:\/\/stickvorlagen.mpsns.de\/wp-content\/uploads\/2020\/02\/ME246-300x68.jpg 300w\" sizes=\"auto, (max-width: 443px) 100vw, 443px\" \/><\/figure>\n<\/div>\n\n<div class=\"wp-block-image\">\n<figure class=\"aligncenter size-large is-resized\"><img loading=\"lazy\" decoding=\"async\" width=\"472\" height=\"100\" src=\"http:\/\/martinsstickvorlagen.mpsns.de\/wp-content\/uploads\/2020\/02\/ME_Wg.jpg\" alt=\"MetronomMittelwagen\" class=\"wp-image-88\" style=\"width:472px;height:100px\" srcset=\"https:\/\/stickvorlagen.mpsns.de\/wp-content\/uploads\/2020\/02\/ME_Wg.jpg 472w, https:\/\/stickvorlagen.mpsns.de\/wp-content\/uploads\/2020\/02\/ME_Wg-300x64.jpg 300w\" sizes=\"auto, (max-width: 472px) 100vw, 472px\" \/><\/figure>\n<\/div>\n\n<div class=\"wp-block-image\">\n<figure class=\"aligncenter size-large is-resized\"><img loading=\"lazy\" decoding=\"async\" width=\"489\" height=\"100\" src=\"http:\/\/martinsstickvorlagen.mpsns.de\/wp-content\/uploads\/2020\/02\/ME_St.jpg\" alt=\"MetronomSteuerwagen\" class=\"wp-image-87\" style=\"width:489px;height:100px\" srcset=\"https:\/\/stickvorlagen.mpsns.de\/wp-content\/uploads\/2020\/02\/ME_St.jpg 489w, https:\/\/stickvorlagen.mpsns.de\/wp-content\/uploads\/2020\/02\/ME_St-300x61.jpg 300w\" sizes=\"auto, (max-width: 489px) 100vw, 489px\" \/><\/figure>\n<\/div>\n\n\n<p class=\"has-text-align-center has-small-font-size\">MPSNS100SET | Diesellokomotive ME246 &#8211; Doppelstockwagen und Steuerwagen<strong> Metronom <\/strong>| <br>mind. 732&#215;51 Stiche | 27,90EUR  <\/p>\n","protected":false},"excerpt":{"rendered":"<p>Alle in Gr\u00f6\u00dfe &#8222;L&#8220;Dampflokomotiven | Elektrolokomotiven | Diesellokomotiven | Triebwagen | Komplette Z\u00fcge DAMPFLOKOMOTIVEN NEU 2020 MPSNS041 | Dampflokomotive UP4014&hellip; <a class=\"read-more\" href=\"https:\/\/stickvorlagen.mpsns.de\/?page_id=52\">Weiterlesen <span class=\"screen-reader-text\">Lokomotiven<\/span><\/a><\/p>\n","protected":false},"author":1,"featured_media":0,"parent":0,"menu_order":0,"comment_status":"closed","ping_status":"closed","template":"","meta":{"footnotes":""},"class_list":["post-52","page","type-page","status-publish","hentry"],"_links":{"self":[{"href":"https:\/\/stickvorlagen.mpsns.de\/index.php?rest_route=\/wp\/v2\/pages\/52","targetHints":{"allow":["GET"]}}],"collection":[{"href":"https:\/\/stickvorlagen.mpsns.de\/index.php?rest_route=\/wp\/v2\/pages"}],"about":[{"href":"https:\/\/stickvorlagen.mpsns.de\/index.php?rest_route=\/wp\/v2\/types\/page"}],"author":[{"embeddable":true,"href":"https:\/\/stickvorlagen.mpsns.de\/index.php?rest_route=\/wp\/v2\/users\/1"}],"replies":[{"embeddable":true,"href":"https:\/\/stickvorlagen.mpsns.de\/index.php?rest_route=%2Fwp%2Fv2%2Fcomments&post=52"}],"version-history":[{"count":31,"href":"https:\/\/stickvorlagen.mpsns.de\/index.php?rest_route=\/wp\/v2\/pages\/52\/revisions"}],"predecessor-version":[{"id":249,"href":"https:\/\/stickvorlagen.mpsns.de\/index.php?rest_route=\/wp\/v2\/pages\/52\/revisions\/249"}],"wp:attachment":[{"href":"https:\/\/stickvorlagen.mpsns.de\/index.php?rest_route=%2Fwp%2Fv2%2Fmedia&parent=52"}],"curies":[{"name":"wp","href":"https:\/\/api.w.org\/{rel}","templated":true}]}}